{"id":517,"date":"2009-01-30T23:36:52","date_gmt":"2009-01-30T22:36:52","guid":{"rendered":"http:\/\/hb.gracz.pro\/?page_id=517"},"modified":"2016-11-14T09:09:13","modified_gmt":"2016-11-14T08:09:13","slug":"about-us","status":"publish","type":"page","link":"http:\/\/hb.gracz.pro\/pl\/about-us\/","title":{"rendered":"O Hanne i Bronku"},"content":{"rendered":"<p>Bronek i Hanne s\u0105 Polsko-Belgijsk\u0105 par\u0105.  Hanne Van obberghen jest projektantk\u0105 tkanin. Bronek czyli Bronis\u0142aw W. Gracz architektem w eld, w Antwerpii. Poznali si\u0119 w 2007 roku na imprezie z okazji Haloween. Bronek by\u0142 wtedy erazmusem w Sint-Lucas Architectuur, Hanne by\u0142a studentk\u0105 wydzia\u0142u sztuk plastycznych tej samej szko\u0142y&#8230;<\/p>\n<p>Razem m\u00f3wi\u0105 przynajmniej czterema j\u0119zykami, z uwagi jednak na to, \u017ce nie ka\u017cdy tak ma, blog kt\u00f3ry pisz\u0105, jest tak wieloj\u0119zyczny jak to tylko mo\u017cliwe. Blog to taki rodzaj albumu ze zdj\u0119ciami dla nas i dla was. Prowizoryczne rozwi\u0105zanie na brak czasu lub odleg\u0142o\u015b\u0107.<\/p>\n<p><!-- index.php -->\n<div\n\tclass=\"ngg-galleryoverview ngg-ajax-pagination-none\"\n\tid=\"ngg-gallery-c87560f2e325677a8089835053de7798-1\">\n\n    \t<div class=\"slideshowlink\">\n        <a href='http:\/\/hb.gracz.pro\/pl\/about-us\/nggallery\/slideshow'>[Show slideshow]<\/a>\n\t\t\n\t<\/div>\n\t\t\t<!-- Thumbnails -->\n\t\t\t\t<div id=\"ngg-image-0\" class=\"ngg-gallery-thumbnail-box\" >\n\t\t\t\t        <div class=\"ngg-gallery-thumbnail\">\n            <a href=\"http:\/\/hb.gracz.pro\/wp-content\/gallery\/about\/list.jpg\"\n               title=\"\"\n               data-src=\"http:\/\/hb.gracz.pro\/wp-content\/gallery\/about\/list.jpg\"\n               data-thumbnail=\"http:\/\/hb.gracz.pro\/wp-content\/gallery\/about\/thumbs\/thumbs_list.jpg\"\n               data-image-id=\"419\"\n               data-title=\"lista zakup\u00c3\u00b3w\"\n               data-description=\"\"\n               data-image-slug=\"shopping-list\"\n               class=\"ngg-fancybox\" rel=\"c87560f2e325677a8089835053de7798\">\n                <img class=\"colorbox-517\" \n                    title=\"lista zakup\u00c3\u00b3w\"\n                    alt=\"lista zakup\u00c3\u00b3w\"\n                    src=\"http:\/\/hb.gracz.pro\/wp-content\/gallery\/about\/thumbs\/thumbs_list.jpg\"\n                    width=\"100\"\n                    height=\"75\"\n                    style=\"max-width:100%;\"\n                \/>\n            <\/a>\n        <\/div>\n\t\t\t\t\t\t\t<\/div> \n\t\t\t\n        \n\t\t\n\t\t<!-- Pagination -->\n\t<div class='ngg-clear'><\/div>\t<\/div>\n<\/p>","protected":false},"excerpt":{"rendered":"<p>Bronek i Hanne s\u0105 Polsko-Belgijsk\u0105 par\u0105. Hanne Van obberghen jest projektantk\u0105 tkanin. Bronek czyli Bronis\u0142aw W. Gracz architektem w eld, w Antwerpii. Poznali si\u0119 w 2007 roku na imprezie z okazji Haloween. Bronek by\u0142 wtedy erazmusem w Sint-Lucas Architectuur, Hanne by\u0142a studentk\u0105 wydzia\u0142u sztuk plastycznych tej samej szko\u0142y&#8230; Razem m\u00f3wi\u0105 przynajmniej czterema j\u0119zykami, z uwagi [&hellip;]<\/p>\n","protected":false},"author":1,"featured_media":0,"parent":0,"menu_order":1,"comment_status":"closed","ping_status":"open","template":"page-without-sidebar.php","meta":{"ngg_post_thumbnail":0},"_links":{"self":[{"href":"http:\/\/hb.gracz.pro\/pl\/wp-json\/wp\/v2\/pages\/517"}],"collection":[{"href":"http:\/\/hb.gracz.pro\/pl\/wp-json\/wp\/v2\/pages"}],"about":[{"href":"http:\/\/hb.gracz.pro\/pl\/wp-json\/wp\/v2\/types\/page"}],"author":[{"embeddable":true,"href":"http:\/\/hb.gracz.pro\/pl\/wp-json\/wp\/v2\/users\/1"}],"replies":[{"embeddable":true,"href":"http:\/\/hb.gracz.pro\/pl\/wp-json\/wp\/v2\/comments?post=517"}],"version-history":[{"count":26,"href":"http:\/\/hb.gracz.pro\/pl\/wp-json\/wp\/v2\/pages\/517\/revisions"}],"predecessor-version":[{"id":1053,"href":"http:\/\/hb.gracz.pro\/pl\/wp-json\/wp\/v2\/pages\/517\/revisions\/1053"}],"wp:attachment":[{"href":"http:\/\/hb.gracz.pro\/pl\/wp-json\/wp\/v2\/media?parent=517"}],"curies":[{"name":"wp","href":"https:\/\/api.w.org\/{rel}","templated":true}]}}